{"id":5478,"date":"2024-02-29T09:47:44","date_gmt":"2024-02-29T07:47:44","guid":{"rendered":"http:\/\/webdev.simic.it\/privacy-policy\/"},"modified":"2025-06-03T13:27:43","modified_gmt":"2025-06-03T11:27:43","slug":"privacy-policy","status":"publish","type":"page","link":"https:\/\/www.simic.it\/it\/privacy-policy\/","title":{"rendered":"Privacy Policy"},"content":{"rendered":"\t\t<div data-elementor-type=\"wp-page\" data-elementor-id=\"5478\" class=\"elementor elementor-5478 elementor-3\" data-elementor-post-type=\"page\">\n\t\t\t\t<div class=\"elementor-element elementor-element-58b2f814 e-con-full e-flex e-con e-parent\" data-id=\"58b2f814\" data-element_type=\"container\" data-e-type=\"container\">\n\t\t\t\t<div class=\"elementor-element elementor-element-ac5185b elementor-widget__width-initial elementor-widget elementor-widget-heading\" data-id=\"ac5185b\" data-element_type=\"widget\" data-e-type=\"widget\" data-widget_type=\"heading.default\">\n\t\t\t\t\t<h2 class=\"elementor-heading-title elementor-size-default\">Privacy Policy<\/h2>\t\t\t\t<\/div>\n\t\t\t\t<div class=\"elementor-element elementor-element-758c32a elementor-widget__width-initial elementor-view-default elementor-widget elementor-widget-icon\" data-id=\"758c32a\" data-element_type=\"widget\" data-e-type=\"widget\" data-widget_type=\"icon.default\">\n\t\t\t\t\t\t\t<div class=\"elementor-icon-wrapper\">\n\t\t\t<div class=\"elementor-icon\">\n\t\t\t<svg xmlns=\"http:\/\/www.w3.org\/2000\/svg\" width=\"160.622\" height=\"15.56\" viewBox=\"0 0 160.622 15.56\"><path id=\"Tracciato_38035\" data-name=\"Tracciato 38035\" d=\"M-43.8.134-50,15.694H104.423l6.2-15.549V.134Z\" transform=\"translate(50 -0.134)\" fill=\"#a00011\"><\/path><\/svg>\t\t\t<\/div>\n\t\t<\/div>\n\t\t\t\t\t\t<\/div>\n\t\t\t\t<div class=\"elementor-element elementor-element-61c73dde elementor-widget__width-initial elementor-widget elementor-widget-text-editor\" data-id=\"61c73dde\" data-element_type=\"widget\" data-e-type=\"widget\" data-widget_type=\"text-editor.default\">\n\t\t\t\t\t\t\t\t\t<p><span style=\"color: #000000;\"><b>Oggetto: Informativa sul trattamento di dati personali, ai sensi dell\u2019art. 13, Regolamento UE n. 2016\/679 \u2013 \u201cGENERAL DATA PROTECTION REGULATION\u201d (di seguito \u201cGDPR\u201d) e del D.Lgs. 196\/2003, integrato dal D.Lgs. 101\/2018<\/b><\/span><\/p><p><span style=\"font-weight: 400; color: #000000;\">Con questa informativa, desideriamo metterLa al corrente delle modalit\u00e0 in cui la nostra Azienda, SIMIC S.p.A, tratta i Suoi dati personali, da Lei lasciati durante la navigazione sul sito web aziendale.<\/span><\/p><p><span style=\"color: #000000;\"><b>1. Titolare del trattamento<\/b><br><br>Titolare del trattamento \u00e8 la societ\u00e0 SIMIC S.p.A., con sede in Via Vittorio Veneto snc a Camerana (CN &#8211; 12072) &#8211; P.Iva: 02121640045, nella persona di Ferruccio Boveri, legale rappresentante.<br><\/span><\/p><p><span style=\"color: #000000;\"><b><\/b><b>2.Nomina RDP \u2013 DPO<\/b><\/span><\/p><p>Il Titolare, non ricadendo nelle casistiche indicate dall\u2019Art. 37 del GDPR, n\u00e9 in quelle indicate nelle varie interpretazioni dell\u2019Autorit\u00e0 Garante, non ha ritenuto necessario nominare un Responsabile per la Protezione dei Dati.<\/p><p><span style=\"color: #000000;\"><b>3. Oggetto del trattamento<\/b><\/span><\/p><ol><li><span style=\"color: #000000;\"><b><i>Dati di navigazione<\/i><\/b><br>I sistemi informatici e le procedure software preposte al funzionamento di questo sito web acquisiscono, nel corso del loro normale esercizio, alcuni dati personali la cui trasmissione \u00e8 implicita nell&#8217;uso dei protocolli di comunicazione di Internet.<br><br><br data-start=\"1260\" data-end=\"1263\">Si tratta di informazioni che non sono raccolte per essere associate a interessati identificati, ma che per loro stessa natura potrebbero, attraverso elaborazioni ed associazioni con dati detenuti da terzi, permettere di identificare gli utenti.<br data-start=\"1473\" data-end=\"1476\">In questa categoria di dati rientrano gli indirizzi IP o i nomi a dominio dei computer utilizzati dagli utenti che si connettono al sito, gli indirizzi in notazione URI (Uniform Resource Identifier) delle risorse richieste, l&#8217;orario della richiesta, il metodo utilizzato nel sottoporre la richiesta al server, la dimensione del file ottenuto in risposta, il codice numerico indicante lo stato della risposta data dal server (buon fine, errore, ecc.) ed altri parametri relativi al sistema operativo e all&#8217;ambiente informatico dell&#8217;utente..<br><\/span><\/li><li> <span style=\"color: #000000;\"><b><i>Dati forniti volontariamente dall&#8217;utente<\/i><\/b><\/span><br>L&#8217;invio facoltativo, esplicito e volontario di posta elettronica agli indirizzi indicati su questo sito, la compilazione di un form per la richiesta di informazioni o l\u2019invio di un messaggio tramite la chat di Whatsapp comportano la successiva acquisizione dell&#8217;indirizzo e\/o del numero telefonico del mittente, necessario per rispondere alle richieste, nonch\u00e9 degli eventuali altri dati personali inseriti nella richiesta.<br><br><br data-start=\"2378\" data-end=\"2381\">Il trattamento delle informazioni che La riguardano sar\u00e0 improntato ai principi di correttezza, liceit\u00e0, trasparenza e di tutela della riservatezza e saranno trattati e conservati con strumenti informatici per il tempo strettamente necessario a conseguire gli scopi per cui sono stati raccolti.<br><br><br data-start=\"2676\" data-end=\"2679\">Specifiche misure di sicurezza sono osservate per prevenire la perdita dei dati, usi illeciti o non corretti ed accessi non autorizzati.<\/li><li><span style=\"color: #000000;\"><span style=\"color: #000000;\"><b><i>Cookies<br><\/i><\/b><\/span><\/span><p data-start=\"2793\" data-end=\"3355\">I cookie sono piccoli file di testo che i siti visitati inviano al terminale dell\u2019utente, dove vengono memorizzati, per poi essere ritrasmessi agli stessi siti alla visita successiva.<br data-start=\"2981\" data-end=\"2984\">La tipologia dei cookie e la loro gestione \u00e8 inserita nella relativa policy, presente sul sito web aziendale e gestita attraverso apposito banner, che consente in ogni caso di abilitare\/disabilitare singolarmente i cookie<br data-start=\"3188\" data-end=\"3191\">L\u2019Utente pu\u00f2 scegliere di abilitare o disabilitare i cookies intervenendo sulle impostazioni del proprio browser di navigazione secondo le istruzioni rese disponibili dai relativi fornitori ai link di seguito indicati:<\/p><ul data-start=\"3356\" data-end=\"3416\"><li data-start=\"3356\" data-end=\"3364\"><p data-start=\"3358\" data-end=\"3364\">Chrome<\/p><\/li><li data-start=\"3365\" data-end=\"3374\"><p data-start=\"3367\" data-end=\"3374\">Firefox<\/p><\/li><li data-start=\"3375\" data-end=\"3383\"><p data-start=\"3377\" data-end=\"3383\">Safari<\/p><\/li><li data-start=\"3384\" data-end=\"3408\"><p data-start=\"3386\" data-end=\"3408\">Internet Explorer\/Edge<\/p><\/li><li data-start=\"3409\" data-end=\"3416\"><p data-start=\"3411\" data-end=\"3416\">Opera<\/p><\/li><\/ul><\/li><\/ol><p><span style=\"color: #000000;\"><b>4. Finalit\u00e0 del trattamento, fondamento giuridico, natura del conferimento.<\/b><\/span><\/p><p>La finalit\u00e0 del trattamento di cui al punto 3.1 \u00e8 ricavare informazioni statistiche anonime sull&#8217;uso del sito e per controllarne il corretto funzionamento. I dati potrebbero essere utilizzati per l&#8217;accertamento di responsabilit\u00e0 in caso di ipotetici reati informatici ai danni del sito. Il trattamento \u00e8 lecito ai sensi dell\u2019Art. 6, comma 1) lettera b) e f) del GDPR. Il conferimento dei dati risulta obbligatorio, pena l\u2019impossibilit\u00e0 di gestire correttamente gli aspetti contrattuali.<br data-start=\"4086\" data-end=\"4089\">La finalit\u00e0 del trattamento di cui al punto 3.2 \u00e8 sempre connessa e\/o strumentale alla consultazione del sito, (\u00e8 escluso, pertanto, ogni utilizzo diverso e\/o confliggente con quelli dell\u2019Interessato). In particolare, il trattamento in oggetto \u00e8 limitato alla risposta alle domande poste dall\u2019interessato. Questo trattamento \u00e8 legittimo ai sensi dell\u2019Art. 6, comma 1, lettera b) e non richiede il consenso esplicito dell\u2019interessato. L\u2019eventuale conferimento dei dati \u00e8 facoltativo, tuttavia, il rifiuto a fornire i dati personali pertinenti allo scopo della raccolta non render\u00e0 possibile l\u2019ottenimento di quanto richiesto.<br data-start=\"4632\" data-end=\"4635\">La finalit\u00e0 del trattamento di cui al punto 3.3 \u00e8 il miglioramento dell\u2019esperienza utente di navigazione e la raccolta di informazioni aggregate a fini statistici. L\u2019eventuale conferimento dei dati \u00e8 facoltativo, ma la gestione dei cookie \u00e8 demandata alle funzionalit\u00e0 dei browser di navigazione.       <\/p><p><span style=\"color: #000000;\"><b>5. Modalit\u00e0 di trattamento, durata del trattamento<\/b><\/span><\/p><p>Il trattamento dei Suoi dati personali in relazione al punto 3.1 \u00e8 realizzato per mezzo delle operazioni indicate all\u2019Art. 4 n. 2) GDPR e precisamente: raccolta, registrazione, organizzazione, utilizzo, cancellazione. I Suoi dati personali sono sottoposti a trattamento elettronico e\/o automatizzato, e vengono cancellati immediatamente dopo l&#8217;elaborazione<br data-start=\"5243\" data-end=\"5246\">Il trattamento dei Suoi dati personali in relazione al punto 3.2 \u00e8 realizzato per mezzo delle operazioni indicate all\u2019Art. 4 n. 2) GDPR e precisamente: raccolta, registrazione, organizzazione, utilizzo, cancellazione. I Suoi dati personali sono sottoposti a trattamento elettronico e\/o automatizzato, e sono cancellati una volta terminato lo scopo per il quale sono stati conferiti. I Suoi dati personali non saranno in ogni caso soggetti a diffusione.<br data-start=\"5619\" data-end=\"5622\">Il trattamento dei Suoi dati personali in relazione al punto 3.3 avviene con le regole e modalit\u00e0 di chi fornisce i diversi servizi, ed \u00e8 indicato nelle informative dedicate, indicate al punto 3.3. La scadenza dei cookie \u00e8 definita da Lei, attraverso lo strumento di navigazione. In ogni caso non \u00e8 superiore ai 6 mesi.    <\/p><p><span style=\"color: #000000;\"><b>6. Comunicazione dei dati<\/b><\/span><\/p><p>Senza la necessit\u00e0 di un espresso consenso (ex art. 6 lett. b), c) del GDPR), il Titolare potr\u00e0 comunicare i suoi dati a Organismi di vigilanza, Autorit\u00e0 giudiziarie, a societ\u00e0 di assicurazione per la prestazione di servizi assicurativi, nonch\u00e9 a quei soggetti ai quali la comunicazione sia obbligatoria per legge per l\u2019espletamento delle finalit\u00e0 dette. Detti soggetti tratteranno il dato nella loro qualit\u00e0 di autonomi titolari del trattamento. I suoi dati non saranno oggetto di diffusione.<\/p><p><span style=\"color: #000000;\"><b>7. Trasferimento dei dati in paesi extra-UE<\/b><\/span><\/p><p>I dati conferiti, di cui al punto 3) sono conservati in formato elettronico sui server aziendali dedicati, forniti da responsabili esterni, o in piattaforme cloud adottate dal Titolare.<br data-start=\"6652\" data-end=\"6655\">Resta in ogni caso inteso che il Titolare, ove si rendesse necessario, avranno facolt\u00e0 di spostare i server anche extra-UE, ad esempio nel caso di utilizzo di servizi Cloud. In tal caso, assicurano sin d\u2019ora che il trasferimento dei dati extra-UE avverr\u00e0 in conformit\u00e0 alle disposizioni di legge applicabili, previa stipula delle clausole contrattuali standard previste dalla Commissione Europea. <\/p><p><span style=\"color: #000000;\"><b>8. Diritti dell\u2019interessato<\/b><\/span><\/p><p data-start=\"7087\" data-end=\"7203\">Nella Sua qualit\u00e0 di interessato, gode dei diritti di cui agli artt. 15, 16, 17, 18, 19, 20, 21 e 22 del GDPR. In dettaglio:<\/p><ul data-start=\"7204\" data-end=\"7546\"><li data-start=\"7204\" data-end=\"7221\"><p data-start=\"7206\" data-end=\"7221\">Diritto di accesso<\/p><\/li><li data-start=\"7204\" data-end=\"7221\"><p data-start=\"7206\" data-end=\"7221\">Diritto di rettifica<\/p><\/li><li data-start=\"7247\" data-end=\"7291\"><p data-start=\"7249\" data-end=\"7291\">Diritto alla cancellazione (\u00abdiritto all&#8217;oblio\u00bb)<\/p><\/li><li data-start=\"7292\" data-end=\"7328\"><p data-start=\"7294\" data-end=\"7328\">Diritto di limitazione di trattamento<\/p><\/li><li data-start=\"7329\" data-end=\"7433\"><p data-start=\"7331\" data-end=\"7433\">Diritto all\u2019Obbligo di notifica in caso di rettifica o cancellazione dei dati personali o limitazione del trattamento<\/p><\/li><li data-start=\"7434\" data-end=\"7461\"><p data-start=\"7436\" data-end=\"7461\">Diritto alla portabilit\u00e0 dei dati<\/p><\/li><li data-start=\"7462\" data-end=\"7479\"><p data-start=\"7464\" data-end=\"7479\">Diritto di opposizione<\/p><\/li><li data-start=\"7480\" data-end=\"7546\"><p data-start=\"7482\" data-end=\"7546\">Diritti relativi al Processo decisionale automatizzato relativo alle persone fisiche, compresa la profilazione<\/p><\/li><\/ul><p><span style=\"color: #000000;\"><b>9.  <\/b><\/span><strong>Modalit\u00e0 di esercizio dei diritti dell\u2019interessato<\/strong><\/p><p>Potr\u00e0 in qualsiasi momento esercitare i diritti inviando:<\/p><ul><li style=\"font-weight: 400;\" aria-level=\"2\">&#8211; una raccomandata a.r. indirizzata presso il Titolare del trattamento, di cui al punto 1)<\/li><li style=\"font-weight: 400;\" aria-level=\"2\"><span style=\"color: #000000;\">&#8211; una e-mail all\u2019indirizzo <a style=\"color: #000000;\" href=\"mailto:privacy@simic.it\">privacy@simic.it<\/a>.<\/span><\/li><\/ul>\t\t\t\t\t\t\t\t<\/div>\n\t\t\t\t<\/div>\n\t\t\t\t<\/div>\n\t\t","protected":false},"excerpt":{"rendered":"<p>Privacy Policy Oggetto: Informativa sul trattamento di dati personali, ai sensi dell\u2019art. 13, Regolamento UE n. 2016\/679 \u2013 \u201cGENERAL DATA PROTECTION REGULATION\u201d (di seguito \u201cGDPR\u201d) e del D.Lgs. 196\/2003, integrato dal D.Lgs. 101\/2018 Con questa informativa, desideriamo metterLa al corrente delle modalit\u00e0 in cui la nostra Azienda, SIMIC S.p.A, tratta i Suoi dati personali, da [&hellip;]<\/p>\n","protected":false},"author":1,"featured_media":0,"parent":0,"menu_order":0,"comment_status":"closed","ping_status":"open","template":"elementor_header_footer","meta":{"_acf_changed":false,"footnotes":""},"class_list":["post-5478","page","type-page","status-publish","hentry"],"acf":[],"yoast_head":"<!-- This site is optimized with the Yoast SEO plugin v27.3 - https:\/\/yoast.com\/product\/yoast-seo-wordpress\/ -->\n<title>Privacy Policy - Simic S.p.A.<\/title>\n<meta name=\"robots\" content=\"index, follow, max-snippet:-1, max-image-preview:large, max-video-preview:-1\" \/>\n<link rel=\"canonical\" href=\"https:\/\/www.simic.it\/it\/privacy-policy\/\" \/>\n<meta property=\"og:locale\" content=\"it_IT\" \/>\n<meta property=\"og:type\" content=\"article\" \/>\n<meta property=\"og:title\" content=\"Privacy Policy - Simic S.p.A.\" \/>\n<meta property=\"og:description\" content=\"Privacy Policy Oggetto: Informativa sul trattamento di dati personali, ai sensi dell\u2019art. 13, Regolamento UE n. 2016\/679 \u2013 \u201cGENERAL DATA PROTECTION REGULATION\u201d (di seguito \u201cGDPR\u201d) e del D.Lgs. 196\/2003, integrato dal D.Lgs. 101\/2018 Con questa informativa, desideriamo metterLa al corrente delle modalit\u00e0 in cui la nostra Azienda, SIMIC S.p.A, tratta i Suoi dati personali, da [&hellip;]\" \/>\n<meta property=\"og:url\" content=\"https:\/\/www.simic.it\/it\/privacy-policy\/\" \/>\n<meta property=\"og:site_name\" content=\"Simic S.p.A.\" \/>\n<meta property=\"article:publisher\" content=\"https:\/\/www.facebook.com\/simicspa\/\" \/>\n<meta property=\"article:modified_time\" content=\"2025-06-03T11:27:43+00:00\" \/>\n<meta property=\"og:image\" content=\"https:\/\/www.simic.it\/wp-content\/uploads\/2024\/09\/NewWebSite.gif\" \/>\n\t<meta property=\"og:image:width\" content=\"298\" \/>\n\t<meta property=\"og:image:height\" content=\"298\" \/>\n\t<meta property=\"og:image:type\" content=\"image\/gif\" \/>\n<meta name=\"twitter:card\" content=\"summary_large_image\" \/>\n<meta name=\"twitter:label1\" content=\"Tempo di lettura stimato\" \/>\n\t<meta name=\"twitter:data1\" content=\"6 minuti\" \/>\n<script type=\"application\/ld+json\" class=\"yoast-schema-graph\">{\"@context\":\"https:\\\/\\\/schema.org\",\"@graph\":[{\"@type\":\"WebPage\",\"@id\":\"https:\\\/\\\/www.simic.it\\\/it\\\/privacy-policy\\\/\",\"url\":\"https:\\\/\\\/www.simic.it\\\/it\\\/privacy-policy\\\/\",\"name\":\"Privacy Policy - Simic S.p.A.\",\"isPartOf\":{\"@id\":\"\\\/#website\"},\"datePublished\":\"2024-02-29T07:47:44+00:00\",\"dateModified\":\"2025-06-03T11:27:43+00:00\",\"breadcrumb\":{\"@id\":\"https:\\\/\\\/www.simic.it\\\/it\\\/privacy-policy\\\/#breadcrumb\"},\"inLanguage\":\"it-IT\",\"potentialAction\":[{\"@type\":\"ReadAction\",\"target\":[\"https:\\\/\\\/www.simic.it\\\/it\\\/privacy-policy\\\/\"]}]},{\"@type\":\"BreadcrumbList\",\"@id\":\"https:\\\/\\\/www.simic.it\\\/it\\\/privacy-policy\\\/#breadcrumb\",\"itemListElement\":[{\"@type\":\"ListItem\",\"position\":1,\"name\":\"Home\",\"item\":\"https:\\\/\\\/www.simic.it\\\/it\\\/\"},{\"@type\":\"ListItem\",\"position\":2,\"name\":\"Privacy Policy\"}]},{\"@type\":\"WebSite\",\"@id\":\"\\\/#website\",\"url\":\"\\\/\",\"name\":\"Simic S.p.A.\",\"description\":\"\",\"publisher\":{\"@id\":\"\\\/#organization\"},\"potentialAction\":[{\"@type\":\"SearchAction\",\"target\":{\"@type\":\"EntryPoint\",\"urlTemplate\":\"\\\/?s={search_term_string}\"},\"query-input\":{\"@type\":\"PropertyValueSpecification\",\"valueRequired\":true,\"valueName\":\"search_term_string\"}}],\"inLanguage\":\"it-IT\"},{\"@type\":\"Organization\",\"@id\":\"\\\/#organization\",\"name\":\"Simic S.p.A.\",\"url\":\"\\\/\",\"logo\":{\"@type\":\"ImageObject\",\"inLanguage\":\"it-IT\",\"@id\":\"\\\/#\\\/schema\\\/logo\\\/image\\\/\",\"url\":\"https:\\\/\\\/www.simic.it\\\/wp-content\\\/uploads\\\/2024\\\/10\\\/SoloLogo_no_SIMIC.png\",\"contentUrl\":\"https:\\\/\\\/www.simic.it\\\/wp-content\\\/uploads\\\/2024\\\/10\\\/SoloLogo_no_SIMIC.png\",\"width\":512,\"height\":512,\"caption\":\"Simic S.p.A.\"},\"image\":{\"@id\":\"\\\/#\\\/schema\\\/logo\\\/image\\\/\"},\"sameAs\":[\"https:\\\/\\\/www.facebook.com\\\/simicspa\\\/\",\"https:\\\/\\\/www.linkedin.com\\\/company\\\/simic-s-p-a\\\/\",\"https:\\\/\\\/www.instagram.com\\\/simicspa\\\/\"]}]}<\/script>\n<!-- \/ Yoast SEO plugin. -->","yoast_head_json":{"title":"Privacy Policy - Simic S.p.A.","robots":{"index":"index","follow":"follow","max-snippet":"max-snippet:-1","max-image-preview":"max-image-preview:large","max-video-preview":"max-video-preview:-1"},"canonical":"https:\/\/www.simic.it\/it\/privacy-policy\/","og_locale":"it_IT","og_type":"article","og_title":"Privacy Policy - Simic S.p.A.","og_description":"Privacy Policy Oggetto: Informativa sul trattamento di dati personali, ai sensi dell\u2019art. 13, Regolamento UE n. 2016\/679 \u2013 \u201cGENERAL DATA PROTECTION REGULATION\u201d (di seguito \u201cGDPR\u201d) e del D.Lgs. 196\/2003, integrato dal D.Lgs. 101\/2018 Con questa informativa, desideriamo metterLa al corrente delle modalit\u00e0 in cui la nostra Azienda, SIMIC S.p.A, tratta i Suoi dati personali, da [&hellip;]","og_url":"https:\/\/www.simic.it\/it\/privacy-policy\/","og_site_name":"Simic S.p.A.","article_publisher":"https:\/\/www.facebook.com\/simicspa\/","article_modified_time":"2025-06-03T11:27:43+00:00","og_image":[{"url":"https:\/\/www.simic.it\/wp-content\/uploads\/2024\/09\/NewWebSite.gif","width":298,"height":298,"type":"image\/gif"}],"twitter_card":"summary_large_image","twitter_misc":{"Tempo di lettura stimato":"6 minuti"},"schema":{"@context":"https:\/\/schema.org","@graph":[{"@type":"WebPage","@id":"https:\/\/www.simic.it\/it\/privacy-policy\/","url":"https:\/\/www.simic.it\/it\/privacy-policy\/","name":"Privacy Policy - Simic S.p.A.","isPartOf":{"@id":"\/#website"},"datePublished":"2024-02-29T07:47:44+00:00","dateModified":"2025-06-03T11:27:43+00:00","breadcrumb":{"@id":"https:\/\/www.simic.it\/it\/privacy-policy\/#breadcrumb"},"inLanguage":"it-IT","potentialAction":[{"@type":"ReadAction","target":["https:\/\/www.simic.it\/it\/privacy-policy\/"]}]},{"@type":"BreadcrumbList","@id":"https:\/\/www.simic.it\/it\/privacy-policy\/#breadcrumb","itemListElement":[{"@type":"ListItem","position":1,"name":"Home","item":"https:\/\/www.simic.it\/it\/"},{"@type":"ListItem","position":2,"name":"Privacy Policy"}]},{"@type":"WebSite","@id":"\/#website","url":"\/","name":"Simic S.p.A.","description":"","publisher":{"@id":"\/#organization"},"potentialAction":[{"@type":"SearchAction","target":{"@type":"EntryPoint","urlTemplate":"\/?s={search_term_string}"},"query-input":{"@type":"PropertyValueSpecification","valueRequired":true,"valueName":"search_term_string"}}],"inLanguage":"it-IT"},{"@type":"Organization","@id":"\/#organization","name":"Simic S.p.A.","url":"\/","logo":{"@type":"ImageObject","inLanguage":"it-IT","@id":"\/#\/schema\/logo\/image\/","url":"https:\/\/www.simic.it\/wp-content\/uploads\/2024\/10\/SoloLogo_no_SIMIC.png","contentUrl":"https:\/\/www.simic.it\/wp-content\/uploads\/2024\/10\/SoloLogo_no_SIMIC.png","width":512,"height":512,"caption":"Simic S.p.A."},"image":{"@id":"\/#\/schema\/logo\/image\/"},"sameAs":["https:\/\/www.facebook.com\/simicspa\/","https:\/\/www.linkedin.com\/company\/simic-s-p-a\/","https:\/\/www.instagram.com\/simicspa\/"]}]}},"_links":{"self":[{"href":"https:\/\/www.simic.it\/it\/wp-json\/wp\/v2\/pages\/5478","targetHints":{"allow":["GET"]}}],"collection":[{"href":"https:\/\/www.simic.it\/it\/wp-json\/wp\/v2\/pages"}],"about":[{"href":"https:\/\/www.simic.it\/it\/wp-json\/wp\/v2\/types\/page"}],"author":[{"embeddable":true,"href":"https:\/\/www.simic.it\/it\/wp-json\/wp\/v2\/users\/1"}],"replies":[{"embeddable":true,"href":"https:\/\/www.simic.it\/it\/wp-json\/wp\/v2\/comments?post=5478"}],"version-history":[{"count":0,"href":"https:\/\/www.simic.it\/it\/wp-json\/wp\/v2\/pages\/5478\/revisions"}],"wp:attachment":[{"href":"https:\/\/www.simic.it\/it\/wp-json\/wp\/v2\/media?parent=5478"}],"curies":[{"name":"wp","href":"https:\/\/api.w.org\/{rel}","templated":true}]}}